{"id":38300,"date":"2025-05-23T07:47:19","date_gmt":"2025-05-23T07:47:19","guid":{"rendered":"https:\/\/bst-europe.eu\/impressum\/"},"modified":"2025-08-01T14:53:39","modified_gmt":"2025-08-01T14:53:39","slug":"impressum","status":"publish","type":"page","link":"https:\/\/bst-europe.eu\/de\/impressum\/","title":{"rendered":"Impressum"},"content":{"rendered":"<h3>Angaben gem\u00e4\u00df \u00a7 5 TMG, <strong>\u00a7 18 Abs. 2 MStV<\/strong><\/h3>\n<p><strong>Verantwortlich f\u00fcr den Inhalt dieser Website:<\/strong><\/p>\n<p>Bertelsmann Stiftung<br \/>\nCarl-Bertelsmann-Str. 256<br \/>\n33311 G\u00fctersloh<br \/>\nTel: +49 5241-810<br \/>\nFax: +49 5241-81681999<br \/>\nMail: info (at) bertelsmann-stiftung.de<br \/>\nWeb: <a href=\"http:\/\/www.bertelsmann-stiftung.de\/\" target=\"_blank\" aria-label=\"\u00d6ffnet in einem neuen Tab\"  target=\"_blank\" rel=\"noopener noreferrer\">http:\/\/www.bertelsmann-stiftung.de<\/a><\/p>\n<p>Die Bertelsmann Stiftung ist eine gemeinn\u00fctzige Stiftung des privaten Rechts im Sinne von Abschnitt 1 des Stiftungsgesetzes f\u00fcr das Land Nordrhein-Westfalen mit Sitz in G\u00fctersloh. Sie ist nach der Anlage zum K\u00f6rperschaftsteuerbescheid des Finanzamtes G\u00fctersloh vom 10.12.2024 von der K\u00f6rperschaftsteuer und von der Gewerbesteuer befreit. Die Bertelsmann Stiftung wird durch ihren Vorstand vertreten:<\/p>\n<ul>\n<li>Dr. Brigitte Mohn (Vors.)<\/li>\n<li>Prof. Dr. Daniela Schwarzer<\/li>\n<li>Wilhelm-Friedrich Uhr<\/li>\n<\/ul>\n<p><strong>Vorsitzender des Kuratoriums:<\/strong><\/p>\n<ul>\n<li>Bodo Uebber<\/li>\n<\/ul>\n<p><strong>Zust\u00e4ndige Aufsichtsbeh\u00f6rde:<\/strong><\/p>\n<p>Bezirksregierung Detmold, Leopoldstr. 15, 32756 Detmold<br \/>\nUST ID: DE 126 76 80 30<\/p>\n<p><strong>Inhaltlich verantwortlich:<\/strong><\/p>\n<ul class=\"imprint-list\">\n<li>Malte Zabel<\/li>\n<li>Lucas Guttenberg<\/li>\n<\/ul>\n<p><strong>Haftungshinweis:<\/strong><\/p>\n<p>Diese Website wird mit gr\u00f6\u00dftm\u00f6glicher Sorgfalt erstellt. Dennoch k\u00f6nnen wir keine Gew\u00e4hr f\u00fcr die Richtigkeit, Vollst\u00e4ndigkeit und Aktualit\u00e4t der Inhalte geben. Die Nutzung erfolgt auf eigene Gefahr des jeweiligen Nutzers. Durch die Nutzung kommt kein Vertragsverh\u00e4ltnis zwischen Bertelsmann Stiftung und Nutzer zustande. Namentlich gekennzeichnete Beitr\u00e4ge fremder Autoren geben nicht immer die Meinung der Bertelsmann Stiftung wieder.<\/p>\n<p>Unsere Internetseiten enthalten Links auf externe Webseiten. Diese Links haben einen reinen Informationszweck und wurden zum Zeitpunkt der Verlinkung auf m\u00f6gliche Rechtsverst\u00f6\u00dfe hin \u00fcberpr\u00fcft. Rechtsverst\u00f6\u00dfe waren nicht ersichtlich. Auf die Entwicklung der Inhalte dieser verlinkten Webseiten haben wir jedoch keinen Einfluss. F\u00fcr den Inhalt der verlinkten Seiten sind daher ausschlie\u00dflich deren Betreiber verantwortlich. Die Bertelsmann Stiftung distanziert sich von allen Inhalten, die nach der Verlinkung ge\u00e4ndert wurden. Eine st\u00e4ndige Kontrolle der externen Links ohne konkrete Anhaltspunkte f\u00fcr eine Rechtsverletzung ist uns leider nicht m\u00f6glich.<\/p>\n<p>In jedem Fall gilt, sollte uns eine Rechtsverletzung bekannt werden, werden wir den entsprechenden Link oder die betreffenden Inhalte unverz\u00fcglich von unserer Website entfernen.<\/p>\n<p><strong>Urheberrecht:<\/strong><\/p>\n<p>Die Inhalte und Werke auf dieser Website unterliegen dem deutschen Urheberrecht. Sofern im Zusammenhang mit dem auf der Website dargestellten oder zum Download angebotenen Dokument keine weiteren Regelungen getroffen werden, ist insbesondere f\u00fcr Vervielf\u00e4ltigungen, Bearbeitungen, Verbreitungen sowie jede Form der Verwertung die vorherige Zustimmung der Bertelsmann Stiftung oder des jeweiligen Rechteinhabers einzuholen. Im \u00dcbrigen ist nur die Herstellung von Kopien und Downloads f\u00fcr den privaten, nicht kommerziellen Gebrauch erlaubt.<\/p>\n<p><strong>Umsetzung:<\/strong><\/p>\n<p>ressourcenmangel an der Panke GmbH<br \/>\nSchlesische Stra\u00dfe 26<br \/>\n10997 Berlin<br \/>\nFon +49 (0)30 590037 450<br \/>\n<a href=\"http:\/\/www.ressourcenmangel.de\" target=\"_blank\" aria-label=\"\u00d6ffnet in einem neuen Tab\" >www.ressourcenmangel.de<\/a><\/p>\n<p><strong>Hosting:<\/strong><\/p>\n<p>iquer.net GmbH &amp; Co. KG<br \/>\nDetmolderstr. 4<br \/>\n33102 Paderborn<br \/>\nFon:\u00a0+49-5251-777418-0<br \/>\nFax:\u00a0+49-5251-777418-99<\/p>\n","protected":false},"excerpt":{"rendered":"<p>Angaben gem\u00e4\u00df \u00a7 5 TMG, \u00a7 18 Abs. 2 MStV Verantwortlich f\u00fcr den Inhalt dieser Website: Bertelsmann Stiftung Carl-Bertelsmann-Str. 256 [&hellip;]<\/p>\n","protected":false},"author":1,"featured_media":0,"parent":0,"menu_order":0,"comment_status":"open","ping_status":"open","template":"","meta":{"_acf_changed":false,"footnotes":""},"categories":[],"tags":[],"class_list":["post-38300","page","type-page","status-publish","hentry"],"acf":[],"yoast_head":"<!-- This site is optimized with the Yoast SEO plugin v24.2 - https:\/\/yoast.com\/wordpress\/plugins\/seo\/ -->\n<title>Impressum - BSt Europe<\/title>\n<meta name=\"robots\" content=\"index, follow, max-snippet:-1, max-image-preview:large, max-video-preview:-1\" \/>\n<link rel=\"canonical\" href=\"https:\/\/bst-europe.eu\/de\/impressum\/\" \/>\n<meta property=\"og:locale\" content=\"de_DE\" \/>\n<meta property=\"og:type\" content=\"article\" \/>\n<meta property=\"og:title\" content=\"Impressum - BSt Europe\" \/>\n<meta property=\"og:description\" content=\"Angaben gem\u00e4\u00df \u00a7 5 TMG, \u00a7 18 Abs. 2 MStV Verantwortlich f\u00fcr den Inhalt dieser Website: Bertelsmann Stiftung Carl-Bertelsmann-Str. 256 [&hellip;]\" \/>\n<meta property=\"og:url\" content=\"https:\/\/bst-europe.eu\/de\/impressum\/\" \/>\n<meta property=\"og:site_name\" content=\"BSt Europe\" \/>\n<meta property=\"article:modified_time\" content=\"2025-08-01T14:53:39+00:00\" \/>\n<meta name=\"twitter:card\" content=\"summary_large_image\" \/>\n<meta name=\"twitter:label1\" content=\"Gesch\u00e4tzte Lesezeit\" \/>\n\t<meta name=\"twitter:data1\" content=\"2\u00a0Minuten\" \/>\n<script type=\"application\/ld+json\" class=\"yoast-schema-graph\">{\"@context\":\"https:\/\/schema.org\",\"@graph\":[{\"@type\":\"WebPage\",\"@id\":\"https:\/\/bst-europe.eu\/de\/impressum\/\",\"url\":\"https:\/\/bst-europe.eu\/de\/impressum\/\",\"name\":\"Impressum - BSt Europe\",\"isPartOf\":{\"@id\":\"https:\/\/bst-europe.eu\/#website\"},\"datePublished\":\"2025-05-23T07:47:19+00:00\",\"dateModified\":\"2025-08-01T14:53:39+00:00\",\"breadcrumb\":{\"@id\":\"https:\/\/bst-europe.eu\/de\/impressum\/#breadcrumb\"},\"inLanguage\":\"de\",\"potentialAction\":[{\"@type\":\"ReadAction\",\"target\":[\"https:\/\/bst-europe.eu\/de\/impressum\/\"]}]},{\"@type\":\"BreadcrumbList\",\"@id\":\"https:\/\/bst-europe.eu\/de\/impressum\/#breadcrumb\",\"itemListElement\":[{\"@type\":\"ListItem\",\"position\":1,\"name\":\"Home\",\"item\":\"https:\/\/bst-europe.eu\/de\/\"},{\"@type\":\"ListItem\",\"position\":2,\"name\":\"Impressum\"}]},{\"@type\":\"WebSite\",\"@id\":\"https:\/\/bst-europe.eu\/#website\",\"url\":\"https:\/\/bst-europe.eu\/\",\"name\":\"BSt Europe\",\"description\":\"\",\"potentialAction\":[{\"@type\":\"SearchAction\",\"target\":{\"@type\":\"EntryPoint\",\"urlTemplate\":\"https:\/\/bst-europe.eu\/?s={search_term_string}\"},\"query-input\":{\"@type\":\"PropertyValueSpecification\",\"valueRequired\":true,\"valueName\":\"search_term_string\"}}],\"inLanguage\":\"de\"}]}<\/script>\n<!-- \/ Yoast SEO plugin. -->","yoast_head_json":{"title":"Impressum - BSt Europe","robots":{"index":"index","follow":"follow","max-snippet":"max-snippet:-1","max-image-preview":"max-image-preview:large","max-video-preview":"max-video-preview:-1"},"canonical":"https:\/\/bst-europe.eu\/de\/impressum\/","og_locale":"de_DE","og_type":"article","og_title":"Impressum - BSt Europe","og_description":"Angaben gem\u00e4\u00df \u00a7 5 TMG, \u00a7 18 Abs. 2 MStV Verantwortlich f\u00fcr den Inhalt dieser Website: Bertelsmann Stiftung Carl-Bertelsmann-Str. 256 [&hellip;]","og_url":"https:\/\/bst-europe.eu\/de\/impressum\/","og_site_name":"BSt Europe","article_modified_time":"2025-08-01T14:53:39+00:00","twitter_card":"summary_large_image","twitter_misc":{"Gesch\u00e4tzte Lesezeit":"2\u00a0Minuten"},"schema":{"@context":"https:\/\/schema.org","@graph":[{"@type":"WebPage","@id":"https:\/\/bst-europe.eu\/de\/impressum\/","url":"https:\/\/bst-europe.eu\/de\/impressum\/","name":"Impressum - BSt Europe","isPartOf":{"@id":"https:\/\/bst-europe.eu\/#website"},"datePublished":"2025-05-23T07:47:19+00:00","dateModified":"2025-08-01T14:53:39+00:00","breadcrumb":{"@id":"https:\/\/bst-europe.eu\/de\/impressum\/#breadcrumb"},"inLanguage":"de","potentialAction":[{"@type":"ReadAction","target":["https:\/\/bst-europe.eu\/de\/impressum\/"]}]},{"@type":"BreadcrumbList","@id":"https:\/\/bst-europe.eu\/de\/impressum\/#breadcrumb","itemListElement":[{"@type":"ListItem","position":1,"name":"Home","item":"https:\/\/bst-europe.eu\/de\/"},{"@type":"ListItem","position":2,"name":"Impressum"}]},{"@type":"WebSite","@id":"https:\/\/bst-europe.eu\/#website","url":"https:\/\/bst-europe.eu\/","name":"BSt Europe","description":"","potentialAction":[{"@type":"SearchAction","target":{"@type":"EntryPoint","urlTemplate":"https:\/\/bst-europe.eu\/?s={search_term_string}"},"query-input":{"@type":"PropertyValueSpecification","valueRequired":true,"valueName":"search_term_string"}}],"inLanguage":"de"}]}},"_links":{"self":[{"href":"https:\/\/bst-europe.eu\/de\/wp-json\/wp\/v2\/pages\/38300","targetHints":{"allow":["GET"]}}],"collection":[{"href":"https:\/\/bst-europe.eu\/de\/wp-json\/wp\/v2\/pages"}],"about":[{"href":"https:\/\/bst-europe.eu\/de\/wp-json\/wp\/v2\/types\/page"}],"author":[{"embeddable":true,"href":"https:\/\/bst-europe.eu\/de\/wp-json\/wp\/v2\/users\/1"}],"replies":[{"embeddable":true,"href":"https:\/\/bst-europe.eu\/de\/wp-json\/wp\/v2\/comments?post=38300"}],"version-history":[{"count":4,"href":"https:\/\/bst-europe.eu\/de\/wp-json\/wp\/v2\/pages\/38300\/revisions"}],"predecessor-version":[{"id":38603,"href":"https:\/\/bst-europe.eu\/de\/wp-json\/wp\/v2\/pages\/38300\/revisions\/38603"}],"wp:attachment":[{"href":"https:\/\/bst-europe.eu\/de\/wp-json\/wp\/v2\/media?parent=38300"}],"wp:term":[{"taxonomy":"category","embeddable":true,"href":"https:\/\/bst-europe.eu\/de\/wp-json\/wp\/v2\/categories?post=38300"},{"taxonomy":"post_tag","embeddable":true,"href":"https:\/\/bst-europe.eu\/de\/wp-json\/wp\/v2\/tags?post=38300"}],"curies":[{"name":"wp","href":"https:\/\/api.w.org\/{rel}","templated":true}]}}